{"id":13,"date":"2016-03-27T09:33:24","date_gmt":"2016-03-27T09:33:24","guid":{"rendered":"http:\/\/www.wobalinde.ch\/?page_id=13"},"modified":"2023-01-28T18:25:02","modified_gmt":"2023-01-28T17:25:02","slug":"wohnungen","status":"publish","type":"page","link":"https:\/\/www.wobalinde.ch\/?page_id=13","title":{"rendered":"Wohnungen"},"content":{"rendered":"<h3><span style=\"color: #5ea845;\">Bei uns finden alle ein Zuhause: Junge und&nbsp;Alte, vom Single bis zur Grossfamilie<\/span><\/h3>\n<p>Als gemeinn\u00fctzige Wohnbaugenossenschaft bieten wir Wohnraum f\u00fcr alle Bev\u00f6lkerungskreise. Wir legen Wert auf eine breite Durchmischung und haben Richtlinien, welche die minimale Belegung einer Wohnung regeln. Da die Nachfrage nach preiswerten Wohnungen hoch ist, f\u00fchren wir eine Warteliste.<\/p>\n<p>Der Ausbau der Wohnungen entspricht den heutigen Anspr\u00fcchen und Standards. Die Wohneinheiten bleiben somit bezahlbar. Alle Wohnungen haben eine Loggia. Die K\u00fcchen sind modern und mit einem Geschirrsp\u00fcler ausgestattet. Zu jeder Wohnung geh\u00f6rt ein Kellerabteil. Geplant ist auch ein Gemeinschaftsraum mit K\u00fcche. Das ganze Areal sowie die Wohnungen und Treppenh\u00e4user sind rollstuhlg\u00e4ngig. Die Vermietungs- und Haustierreglemente finden Sie unten stehend:<\/p>\n<p><span style=\"color: #4ea815;\"><a style=\"color: #4ea815;\" href=\"https:\/\/www.wobalinde.ch\/wp-content\/uploads\/2023\/01\/230125-Vermietungsreglement.pdf\">Vermietungsreglement<\/a><\/span><span style=\"color: #5ea845;\"><br \/>\n<\/span><\/p>\n<p><span style=\"color: #5ea845;\"><a style=\"color: #5ea845;\" href=\"https:\/\/www.wobalinde.ch\/wp-content\/uploads\/2018\/12\/181211-Haustierreglement-def..pdf\" target=\"_blank\" rel=\"noopener\">Haustierreglement<\/a><\/span><\/p>\n<h4><span style=\"color: #5ea845;\">Anmeldung f\u00fcr Mietinteressenten<\/span><\/h4>\n<p>Mit dem unten stehenden Formular k\u00f6nnen Sie sich f\u00fcr die von Ihnen gew\u00fcnschte Wohnung anmelden.&nbsp;<\/p>\n<p><span style=\"color: #5ea845;\"><a style=\"color: #5ea845;\" href=\"https:\/\/www.wobalinde.ch\/wp-content\/uploads\/2021\/02\/Anmeldeformular-WOBA-Linde-def.-Februar-2021.docx\" target=\"_blank\" rel=\"noopener\">Anmeldeformular-WOBA-Linde<\/a><\/span><\/p>\n<h4><span style=\"color: #5ea845;\">Kontaktaufnahme<\/span><\/h4>\n<p>Wollen Sie n\u00e4here Informationen. Melden Sie sich \u00fcber das Anmeldeformular, wir nehmen umgehend mit Ihnen Kontakt auf.&nbsp;<\/p>\n    \r\n    <!-- START Dynamic CSS for Form ID: 187 -->\r\n    <style>#ecf-form-cragkt .ecf-form .input input, #ecf-form-cragkt .ecf-form .select select, #ecf-form-cragkt .ecf-form .textarea textarea, #ecf-form-cragkt .ecf-form .radio i, #ecf-form-cragkt .ecf-form .checkbox i, #ecf-form-cragkt .ecf-form .toggle i, #ecf-form-cragkt .ecf-form .ecficon-append, #ecf-form-cragkt .ecf-form .ecficon-prepend { color: #404040 !important;}\n#ecf-form-cragkt .ecf-form  .state-success.input input, #ecf-form-cragkt .ecf-form .state-success.select select, #ecf-form-cragkt .ecf-form .state-success.textarea textarea, #ecf-form-cragkt .ecf-form .state-success.radio i, #ecf-form-cragkt .ecf-form .state-success.checkbox i, #ecf-form-cragkt .ecf-form .state-success.toggle i, #ecf-form-cragkt .ecf-form .state-success .ecficon-append, #ecf-form-cragkt .ecf-form .state-success .ecficon-prepend { background: #f0fff0 !important;}\n#ecf-form-cragkt .ecf-form  .state-error.input input, #ecf-form-cragkt .ecf-form .state-error.select select, #ecf-form-cragkt .ecf-form .state-error.textarea textarea, #ecf-form-cragkt .ecf-form .state-error.radio i, #ecf-form-cragkt .ecf-form .state-error.checkbox i, #ecf-form-cragkt .ecf-form .state-error.toggle i, #ecf-form-cragkt .ecf-form .state-error .ecficon-append, #ecf-form-cragkt .ecf-form .state-error .ecficon-prepend { background: #fff3f3 !important;}\n#ecf-form-cragkt .ecf-form .ecficon-prepend { color: #CCC !important;}\n#ecf-form-cragkt .ecf-form .input input, #ecf-form-cragkt .ecf-form .select select, #ecf-form-cragkt .ecf-form .textarea textarea, #ecf-form-cragkt .ecf-form .radio i, #ecf-form-cragkt .ecf-form .checkbox i, #ecf-form-cragkt .ecf-form .toggle i, #ecf-form-cragkt .ecf-form .ecficon-append, #ecf-form-cragkt .ecf-form .ecficon-prepend { border-color: #E5E5E5;}\n#ecf-form-cragkt .ecf-form section {margin-bottom: 20px !important;}\n#ecf-form-cragkt #form-cragkt fieldset {background: url(https:\/\/www.wobalinde.ch\/wp-content\/plugins\/easy-contact-form-pro\/css\/images\/patterns\/pattern-04.png) !important; background-repeat: repeat;}\n#ecf-form-cragkt {padding: 40px;}\n#ecf-form-cragkt .ecf-form {color: #5ea845 !important;}\n#ecf-form-cragkt {max-width: 550px;}\n#ecf-form-cragkt #form-cragkt {background: none repeat scroll 0% 0% rgba(255,255,255, 1); border: solid 1px #5ea845;}\n#ecf-form-cragkt #form-cragkt {box-shadow: 0px 0px 10px rgba(56,56,56, 0.3) !important;}\n#ecf-form-cragkt #form-cragkt header {background: none repeat scroll 0% 0% rgba(248,248,248, 1); font-size: 25px !important; font-weight: normal !important; color: #5ea845; font-family: Open Sans;}\n#ecf-form-cragkt .ecf-form .label {font-size: 13px !important; font-weight: normal !important; color: #666; font-family: Open Sans;}\n#ecf-form-cragkt .ecf-form .ecfbutton, #ecf-form-cragkt .ecf-form .input-file .ecfbutton {font-size: 15px !important; font-weight: normal !important; color: #ffffff; font-family: Open Sans !important;}\n#ecf-form-cragkt #form-cragkt footer {background: none repeat scroll 0% 0% rgba(248,248,248, 1);}\n#ecf-form-cragkt .ecf-form .input input,#ecf-form-cragkt .ecf-form .select select,#ecf-form-cragkt .ecf-form .textarea textarea {background: #ffffff;}\n#ecf-form-cragkt .ecf-form .toggle i:before {background-color: #5ea845;}\n#ecf-form-cragkt .ecf-form .button {background-color: #5ea845;}\n#ecf-form-cragkt .ecf-form .input:hover input,\n#ecf-form-cragkt .ecf-form .select:hover select,\n#ecf-form-cragkt .ecf-form .textarea:hover textarea,\n#ecf-form-cragkt .ecf-form .radio:hover i,\n#ecf-form-cragkt .ecf-form .checkbox:hover i,\n#ecf-form-cragkt .ecf-form .toggle:hover i,\n#ecf-form-cragkt .ecf-form .ui-slider-handle:hover {border-color: #5ea845;}\n#ecf-form-cragkt .ecf-form .ui-slider-handle:hover {border-color: #5ea845;}\n#ecf-form-cragkt .ecf-form .rating input + label:hover,\n#ecf-form-cragkt .ecf-form .rating input + label:hover ~ label {color: #5ea845;}\n#ecf-form-cragkt .ecf-form .input input:focus,\n#ecf-form-cragkt .ecf-form .select select:focus,\n#ecf-form-cragkt .ecf-form .textarea textarea:focus,\n#ecf-form-cragkt .ecf-form .radio input:focus + i,\n#ecf-form-cragkt .ecf-form .checkbox input:focus + i,\n#ecf-form-cragkt .ecf-form .toggle input:focus + i {border-color: #5ea845;}\n#ecf-form-cragkt .ecf-form .radio input + i:after {background-color: #5ea845;}\n#ecf-form-cragkt .ecf-form .checkbox input + i:after {color: #5ea845;}\n#ecf-form-cragkt .ecf-form .radio input:checked + i,\n#ecf-form-cragkt .ecf-form .checkbox input:checked + i,\n#ecf-form-cragkt .ecf-form .toggle input:checked + i {border-color: #5ea845;}\n#ecf-form-cragkt .ecf-form .rating input:checked ~ label {color: #5ea845;}\n#ecf-form-cragkt .ecf-form .ecfbutton { background-color: #5ea845;} #ecf-form-cragkt .ecf-form .ecfbutton:hover{background-color: #5ea845;color: #fff; outline:none !important;}\n<\/style>\r\n      <!-- END  Dynamic CSS for Form ID: 187 -->\r\n    \r\n    \r\n    <!-- START JS for Form ID: 187 -->\r\n    \r\n\t<script type=\"text\/javascript\">\r\n\t\tjQuery(document).ready(function($) {\r\n\t\t\t\r\n\t\tvar cragkttime = '09:32:47';\t\r\n\t\t\t\r\n\t\t\t\tjQuery(\"#preloader-cragkt\").fadeOut(1500, function () {\r\n\t\t\tjQuery(\"#ecf-form-cragkt, #form-cragkt, #form-afflinkcragkt\").fadeIn(300);\r\n\t\t\t});\r\n\t\t\t\t\t\r\n\t\t\tvar maxupsize = '16777216';\r\n\t\t\tvar maxupsizeStr = '16M';\r\n\t\t\t$( '.ladda-button' ).ladda( 'bind' );\r\n\t\t\tvar files;\r\n\t\r\n\t\t\t$(function() {\r\n\t\t\t\t\t\r\n\t\t\t\t$('input[type=file]').on('change', prepareUpload);\r\n\t\t\t\t\r\n\t\t\t\t\tfunction prepareUpload(event)\r\n\t\t\t\t\t{\r\n\t\t\t\t\t\tfiles = event.target.files;\r\n\r\n\t\t\t\t\t\t\t\t$.each(files, function(key, value) {\r\n\t\t\t\t\t\t\t\t\tif ( files != null ) {\r\n\t\t\t\t\t\t\t\t\t\tif (files[key].size > maxupsize ) {\r\n\r\n\t\t\t\t\t\t\t\t\t\t\t$(\".attach187\").next().gnotify(files[key].name+\" exceeds the maximum upload size ( Max: \"+maxupsizeStr+\" )\",{\r\n\t\t\t\t\t\t\t\t\t\t\t\tstyle: \"nbootstrap\",\r\n\t\t\t\t\t\t\t\t\t\t\t\telementPosition: 'top center', \r\n\t\t\t\t\t\t\t\t\t\t\t\tclassName: 'error'});\r\n\t\t\t\t\t\t\t\t\t\t\t\r\n\t\t\t\t\t\t\t\t\t\t\tfiles = null;\r\n\t\t\t\t\t\t\t\t\t\t\t\r\n\t\t\t\t\t\t\t\t\t\t\t}\r\n\t\t\t\t\t\t\t\t\t\t}\r\n\t\t\t\t\t\t\t\t\r\n\t\t\t\t\t\t\t\t\t});\r\n\t\t\t\t\t\t\t\t\t\t\t\r\n\t\t\t\t\t\tif ( files != null ) {\r\n\t\t\t\t\t\t\t$('#atccragkt').val(files.length+' file(s) selected');\t\r\n\t\t\t\t\t\t\t} else {\r\n\t\t\t\t\t\t\t\t$('#atccragkt').val('');\t\r\n\t\t\t\t\t\t\t\t}\r\n\t\t\t\t\t\t\r\n\t\t\t\t\t\t}\r\n\t\t\t\t\t\t\r\n\t\t\t\t\r\n\t\t\t\t\/\/ Validation\r\n\t\t\t\t$(\"#form-cragkt\").validate(\r\n\t\t\t\t{\t\t\t\t\t\r\n\t\t\t\t\t\/\/ Rules for form validation\r\n\t\t\t\t\trules:\r\n\t\t\t\t\t{\r\n\t\t\t\t\tname0:{required: true},text1:{required: true},text2:{required: false},email3:{required: true,email: true},text4:{required: true},number5:{required: true},message6:{required: false,minlength: 10} ,\t\t\t\t\t\r\n\t\t\t\t\t\t\t\t\t\t},\r\n\t\t\t\t\t\t\t\t\t\t\r\n\t\t\t\t\t\/\/ Messages for form validation\r\n\t\t\t\t\tmessages:\r\n\t\t\t\t\t{\r\n\t\t\t\t\tname0:{required: \"This field is required\"},text1:{required: \"This field is required\"},text2:{required: \"This field is required\"},email3:{required: \"This field is required\"},text4:{required: \"This field is required\"},number5:{required: \"This field is required\"},message6:{required: \"This field is required\"}\t\t\t\t\t},\t\t\t\t\t\r\n\t\t\t\t\t\/\/ Do not change code below\r\n\t\t\t\t\terrorPlacement: function(error, element) {\r\n\t\t\t\t\t\t\r\n\t\t\t\t\t\t\t\t\t\t\t\t\r\n                \tvar newError = $(error).text();\r\n            \t\tif(newError !== ''){\r\n                \t\t$(element).tooltipster('content', newError);\r\n                \t\t$(element).tooltipster('show');\r\n            \t\t\t}\r\n\t\t\t\t\t},\r\n\t\t\t\t\t \t\t\t\t\t submitHandler: function (form) {\r\n\t\t\t\t\t\t\t\t\t\t\t\t \t\tecf_onsubmit(jQuery('.form-cragkt'));\r\n\t\t\t\t\t\t \t\t\t\t\t\t\t },\r\n\t\t\t\t\t\t \r\n\t\t\t\t\t invalidHandler: function (form) {\t\r\n\t\t\t\t\t  \t$.ladda( 'stopAll' );\r\n\t\t\t\t\t \t},\r\n\t\t\t\t\t\t \r\n\t\t\t\t\tonkeyup: false,\r\n\t\t\t\t\tonfocusout: false,\r\n\t\t\t\t\tonclick: false\r\n\t\t\t\t\t\r\n\t\t\t\t});\r\n\t\t\t});\t\r\n\t\t\t\r\n\t\t\t\r\n\t\t\t\/* Form Submit ( Ajax ) *\/\r\n\t\t\tfunction ecf_onsubmit(form){\t\r\n\t\t\r\n\t\t\tvar datafiles = new FormData();\r\n\r\n\t\t\t\tif(form.attr('action')=='#'){\r\n\t\t\t\t\t\r\n\t\t\t\t\tdata = {};\r\n\t\t\t\t\teldat = [];\r\n\t\t\t\t\tdata['action'] = 'ecf_deliver_mail';\r\n\t\t\t\t\tdata['time'] = cragkttime;\r\n\t\t\t\t\tdata['formid'] = '187';\r\n\t\t\t\t\tdata['security'] = '7dfed85d67';\r\n\t\t\r\n\t\t\t\t\tjQuery('input, textarea, select, radio, checkbox, file', form).each(function(key){\r\n\t\t\t\t\t\t\r\n\t\t\t\t\t\titems = {};\r\n\t\t\t\t\t\t\r\n\t\t\t\t\t\tif (typeof $(this).data('type') === 'undefined') { return true; }\r\n\t\t\t\t\t\t\t\r\n\t\t\t\t\t\tif ($(this).data('type') == 'radio' && !$(this).is(':checked')) { return true; }\r\n\t\t\t\t\t\t\r\n\t\t\t\t\t\tif ($(this).data('type') == 'rating' && !$(this).is(':checked')) { return true; } \/\/ Rating System @since 1.0.7.9\r\n\t\t\t\t\t\t\t\r\n\t\t\t\t\t\tif ($(this).data('type') == 'checkboxes') {\treturn true; }\r\n\t\t\t\t\t\t\r\n\t\t\t\t\t\tif ($(this).data('type') == 'address') { return true; }\r\n\r\n\t\t\t\t\t\tif ($(this).data('type') == 'daterange') { return true; }\r\n\t\t\t\t\t\t\t\r\n\t\t\t\t\t\tif ($(this).data('type') == 'department') { items['deptemail'] = $(this).find(\":selected\").data('deptemail'); }\r\n\t\t\t\t\t\t\t\r\n\t\t\t\t\t\tif ($(this).data('type') == 'attachment' && typeof files !== 'undefined' ) {\r\n\t\t\t\t\t\t\t\r\n\t\t\t\t\t\t\tif ( files != null ) {\r\n\t\t\t\t\t\t\t\t$.each(files, function(key, value) {\r\n\t\t\t\t\t\t\t\t\t\r\n\t\t\t\t\t\t\t\t\tdatafiles.append(key, value);\r\n\t\t\t\t\t\t\t\t\r\n\t\t\t\t\t\t\t\t\t});\r\n\t\t\t\t\t\t\t\t}\r\n\t\t\t\t\t\t\t}\r\n\r\n\t\t\t\t\t\titems['type'] = $(this).data('type');\r\n\t\t\t\t\t\titems['label'] = $(this).data('label');\r\n\t\t\t\t\t\titems['value'] = this.value;\r\n\t\t\t\t\t\titems['name'] = this.name;\r\n\r\n\t\t\t\t\t\teldat.push(items);\r\n\t\t\t\t\t\t\t\r\n\t\t\t\t\t\t\t\r\n\t\t\t\t\t\t}); \/\/ END  form).each(function(key){\r\n\t\t\t\t\t\t\r\n\t\t\t\t\t\t\r\n\t\t\t\t\t\tdata['allelmnt'] = JSON.stringify(eldat);\r\n\t\t\t\t\r\n\t\t\t\tif ( files != null ) { \/\/ If need to Upload\r\n\t\t\t\t\r\n\t\t\t\t\tdatafiles.append( 'action', 'ecf_form_uploader' );\r\n\t\t\t\t\tdatafiles.append( 'thefile', JSON.stringify(datafiles) );\r\n\t\t\t\t\tdatafiles.append( 'formid', '187' );\r\n\t\t\t\t\tdatafiles.append( 'security', '7dfed85d67' );\r\n\t\t\t\t\t\r\n\t\t\t\t\t\tuploadForm(datafiles);\r\n\t\t\t\t\t}\r\n\t\t\t\t\t\r\n\t\t\t\t\telse { \/\/ No Need to Upload\r\n\t\t\t\t\t\tdata['attachments'] = null;\r\n\t\t\t\t\t\tsubmitForm('');\r\n\t\t\t\t\t\t}\r\n\t\t\t\t\r\n\t\t\t\t\treturn false;\r\n\t\t\t\t\t\r\n\t\t\t\t} \/\/ End if(form.attr('action')=='#'){\r\n\t\t\t\t\r\n\t\t\t} \/\/ End ecf_onsubmit \r\n\t\t\t\r\n\t\t\t\/\/ Start submitForm\t\t\r\n\t\t\t  function submitForm(tdat) {\r\n\t\t\t\t  \r\n\t\t\t\tif ( tdat ) {\r\n\t\t\t\t\tdata['attachments'] = JSON.stringify(filedat);\r\n\t\t\t\t\t} \r\n\t\t\t\t  \r\n\t\t\t\tjQuery.ajax({\r\n\t\t\t\t\turl: 'https:\/\/www.wobalinde.ch\/wp-admin\/admin-ajax.php', \r\n\t\t\t\t\ttype: 'POST',\r\n\t\t\t\t\tdataType: 'json',\r\n\t\t\t\t\tdata: data, \r\n\t\t\t\t\tsuccess: function(data) {\r\n\t\t\t\t\r\n\t\t\t\t\t\tif(data.Ok==true) {\r\n\t\t\t\t\t\t\t\t\t\/\/ success\r\n\t\t\t\t\t\t\t$(\"#form-cragkt\").get(0).reset();\r\n\t\t\t\t\t\t\t$(\"#form-cragkt section label\").removeClass('state-success');\r\n\t\t\t\t\t\t\t\t\r\n\t\t\t\t\t\t\tif(data.msg == 'redirect') {\r\n\t\t\t\t\t\t\t\twindow.location = \"http:\/\/\";\r\n\t\t\t\t\t\t\t\t} else {\r\n\t\t\t\t\t\t\t\t\tnotifyme('', 'n', 'success', 'left middle');\t\t\t\t\t\t\t\t\r\n\t\t\t\t\t\t\t\t\t\t\t\t\t\t\t\t}\r\n\t\t\r\n\t\t\t\t\t\t\t}\r\n\t\t\t\t\t\t\telse {\r\n\t\t\t\t\t\t\t\t$(\"#form-cragkt\").get(0).reset();\r\n\t\t\t\t\t\t\t\tnotifyme(data.msg, 'n', 'error', 'left middle');\r\n\t\t\t\t\t\t\t\t}\r\n\t\t\t\t\t\t\t\t\r\n\t\t\t\t\t\t\t$.ladda( 'stopAll' );\t\r\n\t\t\t\t\t\t\t\t\t\r\n\t\t\t\t\t\t\t}\r\n\t\t\t\t\t\t});\r\n\t\t\t\t\t\t\r\n\t\t\t\t\t\t\r\n\t\t\t\t\t\tfiles = null;\r\n\t\t\t\t\t\tfiledat = null;\r\n\t\t\t\t\t\t\r\n\t\t\t\t\t} \/\/ End submitForm\r\n\t\t\t\t\t\r\n\t\t\t\t\t\r\n\t\t\t\/\/ Start Upload\t\t\t\r\n\t\t\t  function uploadForm(dat) {\r\n\t\t\t\t  \r\n\t\t\t\t\t$('.meter span').css('width','0%');\r\n\t\t\t\t\t\r\n       \t\t\t\tjQuery.ajax({\r\n\t\t\t\t\t\t  \txhr: function() {\r\n\t\t\t\t\t\t\t\tvar xhr = new window.XMLHttpRequest();\r\n\t\t\t\t\t\t\t\t\r\n\t\t\t\t\t\t\t\txhr.upload.addEventListener(\"progress\", function(evt) {\r\n\t\t\t\t\t\t\t\t\tif (evt.lengthComputable) {\r\n\t\t\t\t\t\t\t\t\t\t$('.meter').fadeIn(500);\r\n\t\t\t\t\t\t\t\t\t\tvar percentComplete = evt.loaded \/ evt.total;\r\n\t\t\t\t\t\t\t\t\t\tpercentComplete = parseInt(percentComplete * 100);\r\n\t\t\t\t\t\t\t\t\t\t$('.meter span').css('width',+percentComplete+'%');\r\n\t\t\t\t\t\t\t\t\t\t}\r\n\t\t\t\t\t\t\t\t}, false);\r\n\t\t\t\t\t\t\t\t\r\n\t\t\t\t\t\t\t\treturn xhr;\r\n\t\t\t\t\t\t\t},\r\n            \t\t\t\turl: 'https:\/\/www.wobalinde.ch\/wp-admin\/admin-ajax.php',\r\n            \t\t\t\ttype: 'POST',\r\n            \t\t\t\tdata: dat,\r\n            \t\t\t\tcache: false,\r\n            \t\t\t\tdataType: 'json',\r\n            \t\t\t\tprocessData: false, \/\/ Don't process the files\r\n            \t\t\t\tcontentType: false, \/\/ Set content type to false as jQuery will tell the server its a query string request\r\n            \t\t\t\tsuccess: function(data, textStatus, jqXHR)\r\n            \t\t\t\t{\r\n            \t\t\t\t\tif(data.Ok==true) {\r\n\t\t\t\t\t\t\t\t\t\r\n\t\t\t\t\t\t\t\t\tfileitms = {};\r\n\t\t\t\t\t\t\t\t\tfiledat = [];\r\n\t\t\t\t\t\t\t\t\t\r\n\t\t\t\t\t\t\t\t$.each(data.msg, function(key, value) {\r\n\t\t\t\t\t\t\t\t\t\r\n\t\t\t\t\t\t\t\t\tfiledat.push(value);\r\n\t\t\t\t\t\t\t\t\t\r\n\t\t\t\t\t\t\t\t\t});\r\n\r\n\t\t\t\t\t\t\t\t\tsubmitForm(filedat);\r\n\t\t\t\t\t\t\t\t\t\r\n            \t\t\t\t\t}\r\n\t\t\t\t\t\t\t\telse if (data.Ok==false) {\r\n\t\t\t\t\t\t\t\t\t$(\"#form-cragkt\").get(0).reset();\r\n\t\t\t\t\t\t\t\t\tnotifyme(data.msg, 'a', 'error', 'top center');\r\n\t\t\t\t\t\t\t\t\t$.ladda( 'stopAll' );\r\n\t\t\t\t\t\t\t\t\t}\r\n            \t\t\t\t\t\telse {\r\n\t\t\t\t\t\t\t\t\t\tif ( jqXHR.responseText == '0') {\t\t\r\n\t\t\t\t\t\t\t\t\t\t\t$(\"#form-cragkt\").get(0).reset();\r\n\t\t\t\t\t\t\t\t\t\t\tnotifyme('File too large. File must be less than '+maxupsizeStr+'.', 'a', 'error', 'top center');\r\n\t\t\t\t\t\t\t\t\t\t\t}\t\r\n\t\t\t\t\t\t\t\t\t\t$.ladda( 'stopAll' );\t\r\n            \t\t\t\t\t\t\t}\r\n\t\t\t\t\t\t\t\t$('.meter').fadeOut(500);\t\t\r\n            \t\t\t\t},\r\n            \t\t\t\terror: function(jqXHR, textStatus, errorThrown)\r\n            \t\t\t\t{\r\n\t\t\t\t\t\t\t\t$('.meter').fadeOut(500);\r\n\t\t\t\t\t\t\t\t$.ladda( 'stopAll' );\r\n            \t\t\t\t\t\/\/ Handle errors here\r\n\t\t\t\t\t\t\t\tnotifyme('There was an error uploading your files.', 'a', 'error', 'top center');\r\n            \t\t\t\t\t\/\/ STOP LOADING SPINNER\r\n            \t\t\t\t}\r\n        \t\t\t\t});\r\n\t\t\t\t\t\t\r\n\t\r\n\t\t\t\t\t\t\r\n\t\t\t\t\t\tfiles = null;\r\n\t\t\t\t\t\tfiledat = null;\r\n\t\t\t\t\t\t\t\t\t\r\n\t\t\t\t\t} \/\/ End Upload\t\t\r\n\t\t\t\t\t\r\n\t\t\t\t\t\r\n\t\t\t\/\/ Notify\t\r\n\t\t\t  function notifyme(msg, b, typ, pos) {\r\n\t\t\t\t  if (b == 'n') {\r\n\t\t\t\t\t  b = 'cf-submittedcragkt';\r\n\t\t\t\t  } else {\r\n\t\t\t\t\t b = 'atccragkt';\r\n\t\t\t\t  }\r\n\t\t\t\t  \r\n\t\t\t\t  $(\"#\"+b).gnotify(msg,{\r\n\t\t\t\t\t  style: \"nbootstrap\",\r\n\t\t\t\t\t  elementPosition: pos,\r\n\t\t\t\t\t  className: typ\r\n\t\t\t\t\t  });\r\n\t\t\t\t\t  \r\n\t\t\t\t\t  msg = null;\r\n\t\t\t\t\t  typ = null;\r\n\t\t\t\t\t  \r\n\t\t\t\t\t}\r\n\t\t\t\t\t\r\n\t\t\t\r\n    \tjQuery('#form-cragkt input, #form-cragkt textarea, #form-cragkt select, #form-cragkt radio, #form-cragkt checkbox, #form-cragkt file').tooltipster({\r\n        \ttrigger: 'custom',\r\n\t\t\ttheme: 'tooltipster-default',\r\n\t\t\tanimation: 'usedefault',\r\n\t\t\tautoClose: true,\r\n        \tonlyOne: false,\r\n\t\t\ttimer: 3000,\r\n        \tposition: 'top-right'\r\n    \t\t});\t\r\n\t\t\t\r\n\t\t\t\r\n\t\t});\t\t\r\n\t\t<\/script>\r\n    <!-- END JS for Form ID: 187 -->\r\n    \r\n<!-- START Form Markup for Form ID: 187 -->   \r\n\r\n\t\r\n\t<div id=\"preloader-cragkt\" class=\"ecfpreloader\" style=\" \"><\/div>\r\n    \r\n        <div id=\"ecf-form-cragkt\" class=\"ecf-body\" style=\" \">\t\r\n    \t\t\t\r\n\t\t<form style=\" display: none !important;\" method=\"post\" enctype=\"multipart\/form-data\" action=\"#\" id=\"form-cragkt\" class=\"ecf-form form-cragkt\">\r\n        \t<header style=\"\">Kontaktaufnahme \/ Anmeldung<\/header>    \t\t<fieldset>\t\r\n    <section><label class=\"label\">Vorname, Nachname<\/label><label class=\"input\"><i class=\"ecficon-prepend fa fa-user\"><\/i><input data-type=\"name\" data-label=\"Vorname, Nachname\" id=\"name0\" type=\"text\" name=\"name0\" \/><\/label><\/section><section><label class=\"label\">Adresse<\/label><label class=\"input\"><i class=\"ecficon-prepend fa fa-font\"><\/i><input data-type=\"text\" data-label=\"Adresse\" id=\"text1\" type=\"text\" name=\"text1\" \/><\/label><\/section><section><label class=\"label\">Kontaktdaten \/ Telefonnummer<\/label><label class=\"input\"><i class=\"ecficon-prepend fa fa-font\"><\/i><input data-type=\"text\" data-label=\"Kontaktdaten \/ Telefonnummer\" id=\"text2\" type=\"text\" name=\"text2\" \/><\/label><\/section><section><label class=\"label\">Email<\/label><label class=\"input\"><i class=\"ecficon-prepend fa fa-envelope-o\"><\/i><input data-type=\"email\" data-label=\"Email\" id=\"email3\" type=\"text\" name=\"email3\" \/><\/label><\/section><section><label class=\"label\">Gr\u00f6sse der Wohnung <\/label><label class=\"input\"><i class=\"ecficon-prepend fa fa-asterisk\"><\/i><input data-type=\"text\" data-label=\"Gr\u00f6sse der Wohnung \" id=\"text4\" type=\"text\" name=\"text4\" \/><\/label><\/section><section><label class=\"label\">Anzahl der Bewohner<\/label><label class=\"input\"><i class=\"ecficon-prepend fa fa-sort-numeric-asc\"><\/i><input data-type=\"number\" data-label=\"Anzahl der Bewohner\" id=\"number5\" type=\"text\" name=\"number5\" \/>\r\n        <script type=\"text\/javascript\">\r\njQuery(document).ready(function($) {\r\n    $(\"#number5\").keydown(function (e) {\r\n        \/\/ Allow: backspace, delete, tab, escape, enter and .\r\n        if ($.inArray(e.keyCode, [46, 8, 9, 27, 13, 110, 190, 32]) !== -1 ||\r\n             \/\/ Allow: Ctrl+A, Command+A\r\n            (e.keyCode == 65 && ( e.ctrlKey === true || e.metaKey === true ) ) || \r\n             \/\/ Allow: home, end, left, right, down, up\r\n            (e.keyCode >= 35 && e.keyCode <= 40)) {\r\n                 \/\/ let it happen, don't do anything\r\n                 return;\r\n        }\r\n        \/\/ Ensure that it is a number and stop the keypress\r\n        if ((e.shiftKey || (e.keyCode < 48 || e.keyCode > 57)) && (e.keyCode < 96 || e.keyCode > 105)) {\r\n            e.preventDefault();\r\n        }\r\n    });\r\n});\t\t\r\n\t\t<\/script>\r\n\t\t\t\t\t<\/label><\/section><section><label class=\"label\">Mitteilung <\/label><label class=\"textarea\"><i class=\"ecficon-prepend fa fa-lock\"><\/i><textarea data-type=\"message\" data-label=\"Mitteilung \" id=\"message6\" name=\"message6\" rows=\"7\" ><\/textarea><\/label><\/section>           \r\n             \r\n       \t\t <\/fieldset>\r\n        \t\t<footer>\r\n                    <button data-style=\"slide-down\" id=\"cf-submittedcragkt\" class=\"ecfbutton ladda-button\" type=\"submit\" name=\"cf-submittedcragkt\"><span class=\"ladda-label\">Senden<\/span><\/button> \r\n\t\t\t\t<\/footer>\r\n\t\t\t<\/form>\r\n            \r\n             \r\n                        <\/div>  \r\n<!-- END Form Markup for Form ID: 187 -->   \r\n            \r\n\r\n    <!-- START Custom CSS for Form ID: 187 -->\r\n    <style>\r\n\t    <\/style>\r\n    <!-- END  Custom CSS for Form ID: 187 -->\t\r\n      \r\n    <!-- START Custom JS for Form ID: 187 -->\r\n    <script type=\"text\/javascript\">\r\n\t\/*<![CDATA[*\/\r\n\t    \/*]]>*\/<\/script>\r\n    <!-- END  Custom JS for Form ID: 187 -->\t\r\n           \t\t\r\n\t\t\t\r\n\t\r\n\n<p><code><\/code><\/p>\n<p><code><\/code><\/p>\n<p><code><\/code><\/p>\n<p><code><\/code><\/p>\n<p><code><\/code><\/p>\n","protected":false},"excerpt":{"rendered":"<p>Bei uns finden alle ein Zuhause: Junge und&nbsp;Alte, vom Single bis zur Grossfamilie Als gemeinn\u00fctzige Wohnbaugenossenschaft bieten wir Wohnraum f\u00fcr alle Bev\u00f6lkerungskreise. Wir legen Wert auf eine breite Durchmischung und haben Richtlinien, welche die minimale Belegung einer Wohnung regeln. Da die Nachfrage nach preiswerten Wohnungen hoch ist, f\u00fchren wir eine Warteliste. Der Ausbau der Wohnungen &hellip; <a href=\"https:\/\/www.wobalinde.ch\/?easycontactform=74-2\" class=\"more-link\"><span class=\"screen-reader-text\">Kontaktaufnahme \/ Anmeldung<\/span> weiterlesen <span class=\"meta-nav\">&rarr;<\/span><\/a><\/p>\n","protected":false},"author":1,"featured_media":514,"parent":0,"menu_order":0,"comment_status":"closed","ping_status":"closed","template":"","meta":{"ngg_post_thumbnail":0,"_price":"","_stock":"","_tribe_ticket_header":"","_tribe_default_ticket_provider":"","_tribe_ticket_capacity":"0","_ticket_start_date":"","_ticket_end_date":"","_tribe_ticket_show_description":"","_tribe_ticket_show_not_going":false,"_tribe_ticket_use_global_stock":"","_tribe_ticket_global_stock_level":"","_global_stock_mode":"","_global_stock_cap":"","_tribe_rsvp_for_event":"","_tribe_ticket_going_count":"","_tribe_ticket_not_going_count":"","_tribe_tickets_list":"[]","_tribe_ticket_has_attendee_info_fields":false,"footnotes":"","_tec_slr_enabled":"","_tec_slr_layout":""},"class_list":["post-13","page","type-page","status-publish","has-post-thumbnail","hentry"],"ticketed":false,"_links":{"self":[{"href":"https:\/\/www.wobalinde.ch\/index.php?rest_route=\/wp\/v2\/pages\/13","targetHints":{"allow":["GET"]}}],"collection":[{"href":"https:\/\/www.wobalinde.ch\/index.php?rest_route=\/wp\/v2\/pages"}],"about":[{"href":"https:\/\/www.wobalinde.ch\/index.php?rest_route=\/wp\/v2\/types\/page"}],"author":[{"embeddable":true,"href":"https:\/\/www.wobalinde.ch\/index.php?rest_route=\/wp\/v2\/users\/1"}],"replies":[{"embeddable":true,"href":"https:\/\/www.wobalinde.ch\/index.php?rest_route=%2Fwp%2Fv2%2Fcomments&post=13"}],"version-history":[{"count":59,"href":"https:\/\/www.wobalinde.ch\/index.php?rest_route=\/wp\/v2\/pages\/13\/revisions"}],"predecessor-version":[{"id":1693,"href":"https:\/\/www.wobalinde.ch\/index.php?rest_route=\/wp\/v2\/pages\/13\/revisions\/1693"}],"wp:featuredmedia":[{"embeddable":true,"href":"https:\/\/www.wobalinde.ch\/index.php?rest_route=\/wp\/v2\/media\/514"}],"wp:attachment":[{"href":"https:\/\/www.wobalinde.ch\/index.php?rest_route=%2Fwp%2Fv2%2Fmedia&parent=13"}],"curies":[{"name":"wp","href":"https:\/\/api.w.org\/{rel}","templated":true}]}}