{"id":1513,"date":"2021-02-28T11:38:37","date_gmt":"2021-02-28T09:38:37","guid":{"rendered":"http:\/\/www.wobalinde.ch\/?page_id=1513"},"modified":"2025-04-15T09:13:23","modified_gmt":"2025-04-15T07:13:23","slug":"gemeinschaftsraum","status":"publish","type":"page","link":"https:\/\/www.wobalinde.ch\/?page_id=1513","title":{"rendered":"Gemeinschaftsraum"},"content":{"rendered":"\n<p><\/p>\n\n\n\n<p>Gemeinschaft ist uns wichtig. Sie haben etwas zu feiern oder brauchen einen Veranstaltungs-\/Sitzungsraum?<\/p>\n\n\n\n<p>Unser Gemeinschaftsraum bietet Platz f\u00fcr 25 &#8211; 30 Personen und kann f\u00fcr private Zwecke und Veranstaltungen gemietet werden. <\/p>\n\n\n\n<p>Zudem steht er unseren Mitgliedern gratis f\u00fcr Anl\u00e4sse von allgemeinen Interesse zur Verf\u00fcgung. <\/p>\n\n\n\n<p class=\"has-black-color has-text-color\"><strong><mark style=\"background-color:rgba(0, 0, 0, 0);color:#5ea845\" class=\"has-inline-color\">Infrastruktur<\/mark><\/strong><br>Aufenthaltsraum 45 m2 mit Tischen und St\u00fchlen<br>separate K\u00fcche 12 m2 mit Herd, Backofen, K\u00fchlschrank<br>Geschirr, Besteck, Gl\u00e4ser<br>rollstuhlg\u00e4ngiges WC<br><br><strong><mark style=\"background-color:rgba(0, 0, 0, 0);color:#5ea845\" class=\"has-inline-color\">Vermietung\/Reservation<\/mark><\/strong><br>Monique Foppe, 8266 Steckborn <\/p>\n\n\n\n<p class=\"has-black-color has-text-color\">verwaltung@wobalinde.ch<br><strong>079 623 13 14<\/strong><\/p>\n\n\n\n<p>Mieter\/innen, Genossenschafter\/innen der Wohnbaugenossenschaft Linde und Ausw\u00e4rtige k\u00f6nnen den Gemeinschaftsraum der WOBA online buchen.<\/p>\n\n\n\n<p>Die genauen Konditionen finden Sie in der Hausordung f\u00fcr den Gemeinschaftsraum und das Vermietungsreglement. <\/p>\n\n\n\n<p><\/p>\n\n\n<p><!--more--><span style=\"color: #5ea845;\"><a style=\"color: #5ea845;\" href=\"https:\/\/www.wobalinde.ch\/wp-content\/uploads\/2023\/04\/Reglement-GMR-update-April-2023.pdf\" target=\"_blank\" rel=\"noopener\">Reglement Gemeinschaftsraum WOBA<\/a><\/span><\/p>\n\n\n<p>Hier folgt das Reservationsformular f\u00fcr den Gemeinschaftsraum der WOBA Linde<\/p>\n\n\n    \r\n    <!-- START Dynamic CSS for Form ID: 1516 -->\r\n    <style>#ecf-form-wrnmht .ecf-form .input input, #ecf-form-wrnmht .ecf-form .select select, #ecf-form-wrnmht .ecf-form .textarea textarea, #ecf-form-wrnmht .ecf-form .radio i, #ecf-form-wrnmht .ecf-form .checkbox i, #ecf-form-wrnmht .ecf-form .toggle i, #ecf-form-wrnmht .ecf-form .ecficon-append, #ecf-form-wrnmht .ecf-form .ecficon-prepend { color: #404040 !important;}\n#ecf-form-wrnmht .ecf-form  .state-success.input input, #ecf-form-wrnmht .ecf-form .state-success.select select, #ecf-form-wrnmht .ecf-form .state-success.textarea textarea, #ecf-form-wrnmht .ecf-form .state-success.radio i, #ecf-form-wrnmht .ecf-form .state-success.checkbox i, #ecf-form-wrnmht .ecf-form .state-success.toggle i, #ecf-form-wrnmht .ecf-form .state-success .ecficon-append, #ecf-form-wrnmht .ecf-form .state-success .ecficon-prepend { background: #f0fff0 !important;}\n#ecf-form-wrnmht .ecf-form  .state-error.input input, #ecf-form-wrnmht .ecf-form .state-error.select select, #ecf-form-wrnmht .ecf-form .state-error.textarea textarea, #ecf-form-wrnmht .ecf-form .state-error.radio i, #ecf-form-wrnmht .ecf-form .state-error.checkbox i, #ecf-form-wrnmht .ecf-form .state-error.toggle i, #ecf-form-wrnmht .ecf-form .state-error .ecficon-append, #ecf-form-wrnmht .ecf-form .state-error .ecficon-prepend { background: #fff3f3 !important;}\n#ecf-form-wrnmht .ecf-form .ecficon-prepend { color: #CCC !important;}\n#ecf-form-wrnmht .ecf-form .input input, #ecf-form-wrnmht .ecf-form .select select, #ecf-form-wrnmht .ecf-form .textarea textarea, #ecf-form-wrnmht .ecf-form .radio i, #ecf-form-wrnmht .ecf-form .checkbox i, #ecf-form-wrnmht .ecf-form .toggle i, #ecf-form-wrnmht .ecf-form .ecficon-append, #ecf-form-wrnmht .ecf-form .ecficon-prepend { border-color: #E5E5E5;}\n#ecf-form-wrnmht .ecf-form section {margin-bottom: 20px !important;}\n#ecf-form-wrnmht #form-wrnmht fieldset {background: none;}\n#ecf-form-wrnmht {padding: 40px;}\n#ecf-form-wrnmht .ecf-form {color: #666666 !important;}\n#ecf-form-wrnmht {max-width: 440px;}\n#ecf-form-wrnmht #form-wrnmht {background: none repeat scroll 0% 0% rgba(255,255,255, 1); border: solid 1px #d6d6d6;}\n#ecf-form-wrnmht #form-wrnmht {box-shadow: 0px 0px 10px rgba(56,56,56, 0.3) !important;}\n#ecf-form-wrnmht #form-wrnmht header {background: none repeat scroll 0% 0% rgba(248,248,248, 1); font-size: 25px !important; font-weight: normal !important; color: #707070; font-family: Open Sans;}\n#ecf-form-wrnmht .ecf-form .label {font-size: 13px !important; font-weight: normal !important; color: #666; font-family: Open Sans;}\n#ecf-form-wrnmht .ecf-form .ecfbutton, #ecf-form-wrnmht .ecf-form .input-file .ecfbutton {font-size: 15px !important; font-weight: normal !important; color: #ffffff; font-family: Open Sans !important;}\n#ecf-form-wrnmht #form-wrnmht footer {background: none repeat scroll 0% 0% rgba(248,248,248, 1);}\n#ecf-form-wrnmht .ecf-form .input input,#ecf-form-wrnmht .ecf-form .select select,#ecf-form-wrnmht .ecf-form .textarea textarea {background: #ffffff;}\n#ecf-form-wrnmht .ecf-form .toggle i:before {background-color: #2da5da;}\n#ecf-form-wrnmht .ecf-form .button {background-color: #2da5da;}\n#ecf-form-wrnmht .ecf-form .input:hover input,\n#ecf-form-wrnmht .ecf-form .select:hover select,\n#ecf-form-wrnmht .ecf-form .textarea:hover textarea,\n#ecf-form-wrnmht .ecf-form .radio:hover i,\n#ecf-form-wrnmht .ecf-form .checkbox:hover i,\n#ecf-form-wrnmht .ecf-form .toggle:hover i,\n#ecf-form-wrnmht .ecf-form .ui-slider-handle:hover {border-color: #2da5da;}\n#ecf-form-wrnmht .ecf-form .ui-slider-handle:hover {border-color: #2da5da;}\n#ecf-form-wrnmht .ecf-form .rating input + label:hover,\n#ecf-form-wrnmht .ecf-form .rating input + label:hover ~ label {color: #2da5da;}\n#ecf-form-wrnmht .ecf-form .input input:focus,\n#ecf-form-wrnmht .ecf-form .select select:focus,\n#ecf-form-wrnmht .ecf-form .textarea textarea:focus,\n#ecf-form-wrnmht .ecf-form .radio input:focus + i,\n#ecf-form-wrnmht .ecf-form .checkbox input:focus + i,\n#ecf-form-wrnmht .ecf-form .toggle input:focus + i {border-color: #2da5da;}\n#ecf-form-wrnmht .ecf-form .radio input + i:after {background-color: #2da5da;}\n#ecf-form-wrnmht .ecf-form .checkbox input + i:after {color: #2da5da;}\n#ecf-form-wrnmht .ecf-form .radio input:checked + i,\n#ecf-form-wrnmht .ecf-form .checkbox input:checked + i,\n#ecf-form-wrnmht .ecf-form .toggle input:checked + i {border-color: #2da5da;}\n#ecf-form-wrnmht .ecf-form .rating input:checked ~ label {color: #2da5da;}\n#ecf-form-wrnmht .ecf-form .ecfbutton { background-color: #2DA5DA;} #ecf-form-wrnmht .ecf-form .ecfbutton:hover{background-color: #2DA5DA;color: #fff; outline:none !important;}\n<\/style>\r\n      <!-- END  Dynamic CSS for Form ID: 1516 -->\r\n    \r\n    \r\n    <!-- START JS for Form ID: 1516 -->\r\n    \r\n\t<script type=\"text\/javascript\">\r\n\t\tjQuery(document).ready(function($) {\r\n\t\t\t\r\n\t\tvar wrnmhttime = '01:31:15';\t\r\n\t\t\t\r\n\t\t\t\tjQuery(\"#preloader-wrnmht\").fadeOut(1500, function () {\r\n\t\t\tjQuery(\"#ecf-form-wrnmht, #form-wrnmht, #form-afflinkwrnmht\").fadeIn(300);\r\n\t\t\t});\r\n\t\t\t\t\t\r\n\t\t\tvar maxupsize = '16777216';\r\n\t\t\tvar maxupsizeStr = '16M';\r\n\t\t\t$( '.ladda-button' ).ladda( 'bind' );\r\n\t\t\tvar files;\r\n\t\r\n\t\t\t$(function() {\r\n\t\t\t\t\t\r\n\t\t\t\t$('input[type=file]').on('change', prepareUpload);\r\n\t\t\t\t\r\n\t\t\t\t\tfunction prepareUpload(event)\r\n\t\t\t\t\t{\r\n\t\t\t\t\t\tfiles = event.target.files;\r\n\r\n\t\t\t\t\t\t\t\t$.each(files, function(key, value) {\r\n\t\t\t\t\t\t\t\t\tif ( files != null ) {\r\n\t\t\t\t\t\t\t\t\t\tif (files[key].size > maxupsize ) {\r\n\r\n\t\t\t\t\t\t\t\t\t\t\t$(\".attach1516\").next().gnotify(files[key].name+\" exceeds the maximum upload size ( Max: \"+maxupsizeStr+\" )\",{\r\n\t\t\t\t\t\t\t\t\t\t\t\tstyle: \"nbootstrap\",\r\n\t\t\t\t\t\t\t\t\t\t\t\telementPosition: 'top center', \r\n\t\t\t\t\t\t\t\t\t\t\t\tclassName: 'error'});\r\n\t\t\t\t\t\t\t\t\t\t\t\r\n\t\t\t\t\t\t\t\t\t\t\tfiles = null;\r\n\t\t\t\t\t\t\t\t\t\t\t\r\n\t\t\t\t\t\t\t\t\t\t\t}\r\n\t\t\t\t\t\t\t\t\t\t}\r\n\t\t\t\t\t\t\t\t\r\n\t\t\t\t\t\t\t\t\t});\r\n\t\t\t\t\t\t\t\t\t\t\t\r\n\t\t\t\t\t\tif ( files != null ) {\r\n\t\t\t\t\t\t\t$('#atcwrnmht').val(files.length+' file(s) selected');\t\r\n\t\t\t\t\t\t\t} else {\r\n\t\t\t\t\t\t\t\t$('#atcwrnmht').val('');\t\r\n\t\t\t\t\t\t\t\t}\r\n\t\t\t\t\t\t\r\n\t\t\t\t\t\t}\r\n\t\t\t\t\t\t\r\n\t\t\t\t\r\n\t\t\t\t\/\/ Validation\r\n\t\t\t\t$(\"#form-wrnmht\").validate(\r\n\t\t\t\t{\t\t\t\t\t\r\n\t\t\t\t\t\/\/ Rules for form validation\r\n\t\t\t\t\trules:\r\n\t\t\t\t\t{\r\n\t\t\t\t\tname0:{required: true},email1:{required: true,email: true},text2:{required: true},message3:{required: true,minlength: 10},date4:{required: true},text5:{required: true},dropdown6:{required: true},text7:{required: true} ,\t\t\t\t\t\r\n\t\t\t\t\t\t\t\t\t\t},\r\n\t\t\t\t\t\t\t\t\t\t\r\n\t\t\t\t\t\/\/ Messages for form validation\r\n\t\t\t\t\tmessages:\r\n\t\t\t\t\t{\r\n\t\t\t\t\tname0:{required: \"This field is required\"},email1:{required: \"This field is required\"},text2:{required: \"This field is required\"},message3:{required: \"This field is required\"},date4:{required: \"This field is required\"},text5:{required: \"This field is required\"},dropdown6:{required: \"This field is required\"},text7:{required: \"This field is required\"}\t\t\t\t\t},\t\t\t\t\t\r\n\t\t\t\t\t\/\/ Do not change code below\r\n\t\t\t\t\terrorPlacement: function(error, element) {\r\n\t\t\t\t\t\t\r\n\t\t\t\t\t\t\t\t\t\t\t\t\r\n                \tvar newError = $(error).text();\r\n            \t\tif(newError !== ''){\r\n                \t\t$(element).tooltipster('content', newError);\r\n                \t\t$(element).tooltipster('show');\r\n            \t\t\t}\r\n\t\t\t\t\t},\r\n\t\t\t\t\t \t\t\t\t\t submitHandler: function (form) {\r\n\t\t\t\t\t\t\t\t\t\t\t\t \t\tecf_onsubmit(jQuery('.form-wrnmht'));\r\n\t\t\t\t\t\t \t\t\t\t\t\t\t },\r\n\t\t\t\t\t\t \r\n\t\t\t\t\t invalidHandler: function (form) {\t\r\n\t\t\t\t\t  \t$.ladda( 'stopAll' );\r\n\t\t\t\t\t \t},\r\n\t\t\t\t\t\t \r\n\t\t\t\t\tonkeyup: false,\r\n\t\t\t\t\tonfocusout: false,\r\n\t\t\t\t\tonclick: false\r\n\t\t\t\t\t\r\n\t\t\t\t});\r\n\t\t\t});\t\r\n\t\t\t\r\n\t\t\t\r\n\t\t\t\/* Form Submit ( Ajax ) *\/\r\n\t\t\tfunction ecf_onsubmit(form){\t\r\n\t\t\r\n\t\t\tvar datafiles = new FormData();\r\n\r\n\t\t\t\tif(form.attr('action')=='#'){\r\n\t\t\t\t\t\r\n\t\t\t\t\tdata = {};\r\n\t\t\t\t\teldat = [];\r\n\t\t\t\t\tdata['action'] = 'ecf_deliver_mail';\r\n\t\t\t\t\tdata['time'] = wrnmhttime;\r\n\t\t\t\t\tdata['formid'] = '1516';\r\n\t\t\t\t\tdata['security'] = '9653e48f59';\r\n\t\t\r\n\t\t\t\t\tjQuery('input, textarea, select, radio, checkbox, file', form).each(function(key){\r\n\t\t\t\t\t\t\r\n\t\t\t\t\t\titems = {};\r\n\t\t\t\t\t\t\r\n\t\t\t\t\t\tif (typeof $(this).data('type') === 'undefined') { return true; }\r\n\t\t\t\t\t\t\t\r\n\t\t\t\t\t\tif ($(this).data('type') == 'radio' && !$(this).is(':checked')) { return true; }\r\n\t\t\t\t\t\t\r\n\t\t\t\t\t\tif ($(this).data('type') == 'rating' && !$(this).is(':checked')) { return true; } \/\/ Rating System @since 1.0.7.9\r\n\t\t\t\t\t\t\t\r\n\t\t\t\t\t\tif ($(this).data('type') == 'checkboxes') {\treturn true; }\r\n\t\t\t\t\t\t\r\n\t\t\t\t\t\tif ($(this).data('type') == 'address') { return true; }\r\n\r\n\t\t\t\t\t\tif ($(this).data('type') == 'daterange') { return true; }\r\n\t\t\t\t\t\t\t\r\n\t\t\t\t\t\tif ($(this).data('type') == 'department') { items['deptemail'] = $(this).find(\":selected\").data('deptemail'); }\r\n\t\t\t\t\t\t\t\r\n\t\t\t\t\t\tif ($(this).data('type') == 'attachment' && typeof files !== 'undefined' ) {\r\n\t\t\t\t\t\t\t\r\n\t\t\t\t\t\t\tif ( files != null ) {\r\n\t\t\t\t\t\t\t\t$.each(files, function(key, value) {\r\n\t\t\t\t\t\t\t\t\t\r\n\t\t\t\t\t\t\t\t\tdatafiles.append(key, value);\r\n\t\t\t\t\t\t\t\t\r\n\t\t\t\t\t\t\t\t\t});\r\n\t\t\t\t\t\t\t\t}\r\n\t\t\t\t\t\t\t}\r\n\r\n\t\t\t\t\t\titems['type'] = $(this).data('type');\r\n\t\t\t\t\t\titems['label'] = $(this).data('label');\r\n\t\t\t\t\t\titems['value'] = this.value;\r\n\t\t\t\t\t\titems['name'] = this.name;\r\n\r\n\t\t\t\t\t\teldat.push(items);\r\n\t\t\t\t\t\t\t\r\n\t\t\t\t\t\t\t\r\n\t\t\t\t\t\t}); \/\/ END  form).each(function(key){\r\n\t\t\t\t\t\t\r\n\t\t\t\t\t\t\r\n\t\t\t\t\t\tdata['allelmnt'] = JSON.stringify(eldat);\r\n\t\t\t\t\r\n\t\t\t\tif ( files != null ) { \/\/ If need to Upload\r\n\t\t\t\t\r\n\t\t\t\t\tdatafiles.append( 'action', 'ecf_form_uploader' );\r\n\t\t\t\t\tdatafiles.append( 'thefile', JSON.stringify(datafiles) );\r\n\t\t\t\t\tdatafiles.append( 'formid', '1516' );\r\n\t\t\t\t\tdatafiles.append( 'security', '9653e48f59' );\r\n\t\t\t\t\t\r\n\t\t\t\t\t\tuploadForm(datafiles);\r\n\t\t\t\t\t}\r\n\t\t\t\t\t\r\n\t\t\t\t\telse { \/\/ No Need to Upload\r\n\t\t\t\t\t\tdata['attachments'] = null;\r\n\t\t\t\t\t\tsubmitForm('');\r\n\t\t\t\t\t\t}\r\n\t\t\t\t\r\n\t\t\t\t\treturn false;\r\n\t\t\t\t\t\r\n\t\t\t\t} \/\/ End if(form.attr('action')=='#'){\r\n\t\t\t\t\r\n\t\t\t} \/\/ End ecf_onsubmit \r\n\t\t\t\r\n\t\t\t\/\/ Start submitForm\t\t\r\n\t\t\t  function submitForm(tdat) {\r\n\t\t\t\t  \r\n\t\t\t\tif ( tdat ) {\r\n\t\t\t\t\tdata['attachments'] = JSON.stringify(filedat);\r\n\t\t\t\t\t} \r\n\t\t\t\t  \r\n\t\t\t\tjQuery.ajax({\r\n\t\t\t\t\turl: 'https:\/\/www.wobalinde.ch\/wp-admin\/admin-ajax.php', \r\n\t\t\t\t\ttype: 'POST',\r\n\t\t\t\t\tdataType: 'json',\r\n\t\t\t\t\tdata: data, \r\n\t\t\t\t\tsuccess: function(data) {\r\n\t\t\t\t\r\n\t\t\t\t\t\tif(data.Ok==true) {\r\n\t\t\t\t\t\t\t\t\t\/\/ success\r\n\t\t\t\t\t\t\t$(\"#form-wrnmht\").get(0).reset();\r\n\t\t\t\t\t\t\t$(\"#form-wrnmht section label\").removeClass('state-success');\r\n\t\t\t\t\t\t\t\t\r\n\t\t\t\t\t\t\tif(data.msg == 'redirect') {\r\n\t\t\t\t\t\t\t\twindow.location = \"verwaltung@wobalinde.ch\";\r\n\t\t\t\t\t\t\t\t} else {\r\n\t\t\t\t\t\t\t\t\tnotifyme('Besten Dank f\u00fcr Ihre Anfrage. ', 'n', 'success', 'left middle');\t\t\t\t\t\t\t\t\r\n\t\t\t\t\t\t\t\t\t\t\t\t\t\t\t\t}\r\n\t\t\r\n\t\t\t\t\t\t\t}\r\n\t\t\t\t\t\t\telse {\r\n\t\t\t\t\t\t\t\t$(\"#form-wrnmht\").get(0).reset();\r\n\t\t\t\t\t\t\t\tnotifyme(data.msg, 'n', 'error', 'left middle');\r\n\t\t\t\t\t\t\t\t}\r\n\t\t\t\t\t\t\t\t\r\n\t\t\t\t\t\t\t$.ladda( 'stopAll' );\t\r\n\t\t\t\t\t\t\t\t\t\r\n\t\t\t\t\t\t\t}\r\n\t\t\t\t\t\t});\r\n\t\t\t\t\t\t\r\n\t\t\t\t\t\t\r\n\t\t\t\t\t\tfiles = null;\r\n\t\t\t\t\t\tfiledat = null;\r\n\t\t\t\t\t\t\r\n\t\t\t\t\t} \/\/ End submitForm\r\n\t\t\t\t\t\r\n\t\t\t\t\t\r\n\t\t\t\/\/ Start Upload\t\t\t\r\n\t\t\t  function uploadForm(dat) {\r\n\t\t\t\t  \r\n\t\t\t\t\t$('.meter span').css('width','0%');\r\n\t\t\t\t\t\r\n       \t\t\t\tjQuery.ajax({\r\n\t\t\t\t\t\t  \txhr: function() {\r\n\t\t\t\t\t\t\t\tvar xhr = new window.XMLHttpRequest();\r\n\t\t\t\t\t\t\t\t\r\n\t\t\t\t\t\t\t\txhr.upload.addEventListener(\"progress\", function(evt) {\r\n\t\t\t\t\t\t\t\t\tif (evt.lengthComputable) {\r\n\t\t\t\t\t\t\t\t\t\t$('.meter').fadeIn(500);\r\n\t\t\t\t\t\t\t\t\t\tvar percentComplete = evt.loaded \/ evt.total;\r\n\t\t\t\t\t\t\t\t\t\tpercentComplete = parseInt(percentComplete * 100);\r\n\t\t\t\t\t\t\t\t\t\t$('.meter span').css('width',+percentComplete+'%');\r\n\t\t\t\t\t\t\t\t\t\t}\r\n\t\t\t\t\t\t\t\t}, false);\r\n\t\t\t\t\t\t\t\t\r\n\t\t\t\t\t\t\t\treturn xhr;\r\n\t\t\t\t\t\t\t},\r\n            \t\t\t\turl: 'https:\/\/www.wobalinde.ch\/wp-admin\/admin-ajax.php',\r\n            \t\t\t\ttype: 'POST',\r\n            \t\t\t\tdata: dat,\r\n            \t\t\t\tcache: false,\r\n            \t\t\t\tdataType: 'json',\r\n            \t\t\t\tprocessData: false, \/\/ Don't process the files\r\n            \t\t\t\tcontentType: false, \/\/ Set content type to false as jQuery will tell the server its a query string request\r\n            \t\t\t\tsuccess: function(data, textStatus, jqXHR)\r\n            \t\t\t\t{\r\n            \t\t\t\t\tif(data.Ok==true) {\r\n\t\t\t\t\t\t\t\t\t\r\n\t\t\t\t\t\t\t\t\tfileitms = {};\r\n\t\t\t\t\t\t\t\t\tfiledat = [];\r\n\t\t\t\t\t\t\t\t\t\r\n\t\t\t\t\t\t\t\t$.each(data.msg, function(key, value) {\r\n\t\t\t\t\t\t\t\t\t\r\n\t\t\t\t\t\t\t\t\tfiledat.push(value);\r\n\t\t\t\t\t\t\t\t\t\r\n\t\t\t\t\t\t\t\t\t});\r\n\r\n\t\t\t\t\t\t\t\t\tsubmitForm(filedat);\r\n\t\t\t\t\t\t\t\t\t\r\n            \t\t\t\t\t}\r\n\t\t\t\t\t\t\t\telse if (data.Ok==false) {\r\n\t\t\t\t\t\t\t\t\t$(\"#form-wrnmht\").get(0).reset();\r\n\t\t\t\t\t\t\t\t\tnotifyme(data.msg, 'a', 'error', 'top center');\r\n\t\t\t\t\t\t\t\t\t$.ladda( 'stopAll' );\r\n\t\t\t\t\t\t\t\t\t}\r\n            \t\t\t\t\t\telse {\r\n\t\t\t\t\t\t\t\t\t\tif ( jqXHR.responseText == '0') {\t\t\r\n\t\t\t\t\t\t\t\t\t\t\t$(\"#form-wrnmht\").get(0).reset();\r\n\t\t\t\t\t\t\t\t\t\t\tnotifyme('File too large. File must be less than '+maxupsizeStr+'.', 'a', 'error', 'top center');\r\n\t\t\t\t\t\t\t\t\t\t\t}\t\r\n\t\t\t\t\t\t\t\t\t\t$.ladda( 'stopAll' );\t\r\n            \t\t\t\t\t\t\t}\r\n\t\t\t\t\t\t\t\t$('.meter').fadeOut(500);\t\t\r\n            \t\t\t\t},\r\n            \t\t\t\terror: function(jqXHR, textStatus, errorThrown)\r\n            \t\t\t\t{\r\n\t\t\t\t\t\t\t\t$('.meter').fadeOut(500);\r\n\t\t\t\t\t\t\t\t$.ladda( 'stopAll' );\r\n            \t\t\t\t\t\/\/ Handle errors here\r\n\t\t\t\t\t\t\t\tnotifyme('There was an error uploading your files.', 'a', 'error', 'top center');\r\n            \t\t\t\t\t\/\/ STOP LOADING SPINNER\r\n            \t\t\t\t}\r\n        \t\t\t\t});\r\n\t\t\t\t\t\t\r\n\t\r\n\t\t\t\t\t\t\r\n\t\t\t\t\t\tfiles = null;\r\n\t\t\t\t\t\tfiledat = null;\r\n\t\t\t\t\t\t\t\t\t\r\n\t\t\t\t\t} \/\/ End Upload\t\t\r\n\t\t\t\t\t\r\n\t\t\t\t\t\r\n\t\t\t\/\/ Notify\t\r\n\t\t\t  function notifyme(msg, b, typ, pos) {\r\n\t\t\t\t  if (b == 'n') {\r\n\t\t\t\t\t  b = 'cf-submittedwrnmht';\r\n\t\t\t\t  } else {\r\n\t\t\t\t\t b = 'atcwrnmht';\r\n\t\t\t\t  }\r\n\t\t\t\t  \r\n\t\t\t\t  $(\"#\"+b).gnotify(msg,{\r\n\t\t\t\t\t  style: \"nbootstrap\",\r\n\t\t\t\t\t  elementPosition: pos,\r\n\t\t\t\t\t  className: typ\r\n\t\t\t\t\t  });\r\n\t\t\t\t\t  \r\n\t\t\t\t\t  msg = null;\r\n\t\t\t\t\t  typ = null;\r\n\t\t\t\t\t  \r\n\t\t\t\t\t}\r\n\t\t\t\t\t\r\n\t\t\t\r\n    \tjQuery('#form-wrnmht input, #form-wrnmht textarea, #form-wrnmht select, #form-wrnmht radio, #form-wrnmht checkbox, #form-wrnmht file').tooltipster({\r\n        \ttrigger: 'custom',\r\n\t\t\ttheme: 'tooltipster-default',\r\n\t\t\tanimation: 'usedefault',\r\n\t\t\tautoClose: true,\r\n        \tonlyOne: false,\r\n\t\t\ttimer: 3000,\r\n        \tposition: 'top-right'\r\n    \t\t});\t\r\n\t\t\t\r\n\t\t\t\r\n\t\t});\t\t\r\n\t\t<\/script>\r\n    <!-- END JS for Form ID: 1516 -->\r\n    \r\n<!-- START Form Markup for Form ID: 1516 -->   \r\n\r\n\t\r\n\t<div id=\"preloader-wrnmht\" class=\"ecfpreloader\" style=\" \"><\/div>\r\n    \r\n        <div id=\"ecf-form-wrnmht\" class=\"ecf-body\" style=\" \">\t\r\n    \t\t\t\r\n\t\t<form style=\" display: none !important;\" method=\"post\" enctype=\"multipart\/form-data\" action=\"#\" id=\"form-wrnmht\" class=\"ecf-form form-wrnmht\">\r\n        \t<header style=\"\">Reservationsantrag<\/header>    \t\t<fieldset>\t\r\n    <section><label class=\"label\">Name und Adresse<\/label><label class=\"input\"><i class=\"ecficon-prepend fa fa-user\"><\/i><input data-type=\"name\" data-label=\"Name und Adresse\" id=\"name0\" type=\"text\" name=\"name0\" \/><\/label><\/section><section><label class=\"label\">Email<\/label><label class=\"input\"><i class=\"ecficon-prepend fa fa-envelope-o\"><\/i><input data-type=\"email\" data-label=\"Email\" id=\"email1\" type=\"text\" name=\"email1\" \/><\/label><\/section><section><label class=\"label\">Gemeinschaftsraum Anzahl Personen<\/label><label class=\"input\"><i class=\"ecficon-prepend fa fa-asterisk\"><\/i><input data-type=\"text\" data-label=\"Gemeinschaftsraum Anzahl Personen\" id=\"text2\" type=\"text\" name=\"text2\" \/><\/label><\/section><section><label class=\"label\">Mitteilung<\/label><label class=\"textarea\"><i class=\"ecficon-prepend fa fa-comment\"><\/i><textarea data-type=\"message\" data-label=\"Mitteilung\" id=\"message3\" name=\"message3\" rows=\"7\" ><\/textarea><\/label><\/section><section><label class=\"label\">Gew\u00fcnschtes Datum der Reservation <\/label><label class=\"input\"><i class=\"ecficon-prepend fa fa-calendar\"><\/i><input data-type=\"date\" data-label=\"Gew\u00fcnschtes Datum der Reservation \" id=\"date4\" type=\"text\" name=\"date4\" placeholder=\"Click Here to select Date\"\/>                    \r\n                    \t\t<script type=\"text\/javascript\">\r\n\t\t\tjQuery(function()\r\n\t\t\t{\r\n\t\t\t\tjQuery('#ecf-form-wrnmht #date4').datepicker({\r\n\t\t\t\t\tdateFormat: 'd MM, yy',\r\n\t\t\t\t\tprevText: '<i class=\"fa fa-chevron-left\"><\/i>',\r\n\t\t\t\t\tnextText: '<i class=\"fa fa-chevron-right\"><\/i>'\r\n\t\t\t\t});\r\n\t\t\t});\t\t\t\r\n\t\t<\/script>\r\n                    \r\n                    <\/label><\/section><section><label class=\"label\">Telefonnummer \/ Kontaktdaten<\/label><label class=\"input\"><i class=\"ecficon-prepend fa fa-font\"><\/i><input data-type=\"text\" data-label=\"Telefonnummer \/ Kontaktdaten\" id=\"text5\" type=\"text\" name=\"text5\" \/><\/label><\/section><section><label class=\"label\">Nutzer ausw\u00e4hlen<\/label><label class=\"select\"><select data-type=\"dropdown\" data-label=\"Nutzer ausw\u00e4hlen\" name=\"dropdown6\"><option value=\"\">--- select ---<\/option><option value=\"Mieter\" >Mieter<\/option><option value=\"Verein\" >Verein<\/option><option value=\"Gewerbe \/ gewerbliche Nutzung \" >Gewerbe \/ gewerbliche Nutzung <\/option><\/select><i><\/i><\/label><\/section><section><label class=\"label\">Rechnung wird per Vorkasse gestellt. <\/label><label class=\"input\"><input data-type=\"text\" data-label=\"Rechnung wird per Vorkasse gestellt. \" id=\"text7\" type=\"text\" name=\"text7\" \/><\/label><\/section>           \r\n             \r\n       \t\t <\/fieldset>\r\n        \t\t<footer>\r\n                    <button data-style=\"slide-down\" id=\"cf-submittedwrnmht\" class=\"ecfbutton ladda-button\" type=\"submit\" name=\"cf-submittedwrnmht\"><span class=\"ladda-label\">SEND<\/span><\/button> \r\n\t\t\t\t<\/footer>\r\n\t\t\t<\/form>\r\n            \r\n             \r\n                        <\/div>  \r\n<!-- END Form Markup for Form ID: 1516 -->   \r\n            \r\n\r\n    <!-- START Custom CSS for Form ID: 1516 -->\r\n    <style>\r\n\t    <\/style>\r\n    <!-- END  Custom CSS for Form ID: 1516 -->\t\r\n      \r\n    <!-- START Custom JS for Form ID: 1516 -->\r\n    <script type=\"text\/javascript\">\r\n\t\/*<![CDATA[*\/\r\n\t    \/*]]>*\/<\/script>\r\n    <!-- END  Custom JS for Form ID: 1516 -->\t\r\n           \t\t\r\n\t\t\t\r\n\t\r\n\n\n\n\n<p><\/p>\n\n\n\n<p><\/p>\n","protected":false},"excerpt":{"rendered":"<p>Gemeinschaft ist uns wichtig. Sie haben etwas zu feiern oder brauchen einen Veranstaltungs-\/Sitzungsraum? Unser Gemeinschaftsraum bietet Platz f\u00fcr 25 &#8211; 30 Personen und kann f\u00fcr private Zwecke und Veranstaltungen gemietet werden. Zudem steht er unseren Mitgliedern gratis f\u00fcr Anl\u00e4sse von allgemeinen Interesse zur Verf\u00fcgung. InfrastrukturAufenthaltsraum 45 m2 mit Tischen und St\u00fchlenseparate K\u00fcche 12 m2 mit &hellip; <a href=\"https:\/\/www.wobalinde.ch\/?easycontactform=reservationsantrag\" class=\"more-link\"><span class=\"screen-reader-text\">Reservationsantrag<\/span> weiterlesen <span class=\"meta-nav\">&rarr;<\/span><\/a><\/p>\n","protected":false},"author":1,"featured_media":0,"parent":0,"menu_order":0,"comment_status":"closed","ping_status":"closed","template":"","meta":{"ngg_post_thumbnail":0,"_price":"","_stock":"","_tribe_ticket_header":"","_tribe_default_ticket_provider":"","_tribe_ticket_capacity":"0","_ticket_start_date":"","_ticket_end_date":"","_tribe_ticket_show_description":"","_tribe_ticket_show_not_going":false,"_tribe_ticket_use_global_stock":"","_tribe_ticket_global_stock_level":"","_global_stock_mode":"","_global_stock_cap":"","_tribe_rsvp_for_event":"","_tribe_ticket_going_count":"","_tribe_ticket_not_going_count":"","_tribe_tickets_list":"[]","_tribe_ticket_has_attendee_info_fields":false,"footnotes":"","_tec_slr_enabled":"","_tec_slr_layout":""},"class_list":["post-1513","page","type-page","status-publish","hentry"],"ticketed":false,"_links":{"self":[{"href":"https:\/\/www.wobalinde.ch\/index.php?rest_route=\/wp\/v2\/pages\/1513","targetHints":{"allow":["GET"]}}],"collection":[{"href":"https:\/\/www.wobalinde.ch\/index.php?rest_route=\/wp\/v2\/pages"}],"about":[{"href":"https:\/\/www.wobalinde.ch\/index.php?rest_route=\/wp\/v2\/types\/page"}],"author":[{"embeddable":true,"href":"https:\/\/www.wobalinde.ch\/index.php?rest_route=\/wp\/v2\/users\/1"}],"replies":[{"embeddable":true,"href":"https:\/\/www.wobalinde.ch\/index.php?rest_route=%2Fwp%2Fv2%2Fcomments&post=1513"}],"version-history":[{"count":20,"href":"https:\/\/www.wobalinde.ch\/index.php?rest_route=\/wp\/v2\/pages\/1513\/revisions"}],"predecessor-version":[{"id":1810,"href":"https:\/\/www.wobalinde.ch\/index.php?rest_route=\/wp\/v2\/pages\/1513\/revisions\/1810"}],"wp:attachment":[{"href":"https:\/\/www.wobalinde.ch\/index.php?rest_route=%2Fwp%2Fv2%2Fmedia&parent=1513"}],"curies":[{"name":"wp","href":"https:\/\/api.w.org\/{rel}","templated":true}]}}